{"id":1097,"date":"2018-10-10T08:55:17","date_gmt":"2018-10-10T11:55:17","guid":{"rendered":"https:\/\/isfd45-bue.infd.edu.ar\/sitio\/?page_id=1097"},"modified":"2025-05-13T20:23:57","modified_gmt":"2025-05-13T23:23:57","slug":"informacion-2","status":"publish","type":"page","link":"https:\/\/isfd45-bue.infd.edu.ar\/sitio\/informacion-2\/","title":{"rendered":"Informaci\u00f3n de Primaria"},"content":{"rendered":"\n<figure class=\"wp-block-image size-large is-resized\"><img decoding=\"async\" loading=\"lazy\" src=\"https:\/\/www.coldelvalle.edu.mx\/wp-content\/uploads\/2021\/07\/caracteristicas-de-la-educacion-primaria.jpg\" alt=\"\" width=\"600\" height=\"250\"\/><\/figure>\n\n\n<table border=\"0\" align=\"center\">\n<tbody>\n<tr>\n<td>&nbsp;<\/td>\n<\/tr>\n<tr>\n<td>T\u00edtulo a obtener: Profesor\/a de Educaci\u00f3n Primaria Turnos de cursada<p><\/p>\n<p>Referente: Regente Emilce Geoghegan<\/p>\n<p>Turno ma\u00f1ana de 8:00 a 12:00 hs<\/p>\n<p>Turno tarde de 13:00 a 17:00 hs<\/p>\n<p>Turno Vespertino de 18:00 a 22:00 hs.<\/p>\n<p>La modalidad de cursada es presencial y para inscribirse los aspirantes deben cumplir como requisito indispensable&nbsp;haber terminado el colegio secundario.<\/p>\n<p><\/p>\n<p><strong>Profesorado en Educaci\u00f3n Primaria<\/strong><\/p>\n<p>El Dise\u00f1o Curricular de la Formaci\u00f3n Docente de Nivel Inicial y Nivel Primario ha sido construido sobre la base de un proceso participativo desarrollado durante el per\u00edodo 2006 \u2013 2007. Ese proceso se inici\u00f3 con la voluntad pol\u00edtica de la Direcci\u00f3n General de Cultura y Educaci\u00f3n de la Provincia de Buenos Aires, m\u00e1s el impulso concreto dado por la Direcci\u00f3n de Educaci\u00f3n Superior (DES).<\/p>\n<p>Los fundamentos en que se asienta este Dise\u00f1o Curricular se constituyen a partir de la intersecci\u00f3n de dos campos pedag\u00f3gicos te\u00f3rico \u2013 pr\u00e1cticos: el que corresponde al propio curr\u00edculum y el del objeto de transformaci\u00f3n del nivel, la formaci\u00f3n de docentes.Ambos t\u00e9rminos cobran identidad en dicha articulaci\u00f3n en tanto el curr\u00edculum se convierte en propuesta formativa de docentes y la formaci\u00f3n de docentes se enra\u00edza, encauza y desenvuelve en aquel. Ambos est\u00e1n din\u00e1micamente articulados y desbordan sus propias fronteras, por tratarse de manifestaciones y pr\u00e1cticas del campo sociocultural.<\/p>\n<p><strong>La organizaci\u00f3n curricular general<\/strong><\/p>\n<p>En este paradigma articulador, el curr\u00edculum se organiza sobre la base de distintos campos que no aluden a espacios con fronteras delimitadas o cerradas en s\u00ed mismas. Los campos curriculares son pensados como estructuras que se entrelazan y complementan entre s\u00ed.<\/p>\n<p><strong>El Campo de Actualizaci\u00f3n Formativa<\/strong> debe hacer especial hincapi\u00e9 en la necesidad de fortalecer la identidad y la especificidad de la Formaci\u00f3n Docente como pr\u00e1ctica de educaci\u00f3n superior. Sin duda, este proceso de reconocimiento de quienes eligen la Formaci\u00f3n Docente es decisivo a la hora de desarrollar las propuestas y los procesos<\/p>\n<p>formativos, pero sin vaciar de identidad y especificidad a la educaci\u00f3n superior.<\/p>\n<p>Las materias de este Campo resultan de los diagn\u00f3sticos elaborados por los Institutos Superiores; por ello es funci\u00f3n del mismo dar respuesta a los saberes que requiere el ingresante para ser art\u00edfice de su propio proceso de formaci\u00f3n.<\/p>\n<p>Por ello, el Campo de Actualizaci\u00f3n Formativa es el que enfrenta estas tensiones a trav\u00e9s de dos clases de materias:<\/p>\n<p>\u2022 las que tienen por objeto contenidos definidos en el dise\u00f1o, como Lectura, oralidad y escritura y Pensamiento l\u00f3gico matem\u00e1tico;<\/p>\n<p>\u2022 la que ser\u00e1 definida, en un Taller de definici\u00f3n institucional, por cada instituci\u00f3n, de acuerdo con el reconocimiento por parte del colectivo institucional sobre las caracter\u00edsticas del ingresante.<\/p>\n<p><strong>El campo de fundamentaci\u00f3n&nbsp;<\/strong>tiene como prop\u00f3sito y finalidad establecer las bases y los marcos referenciales que permitan a los docentes en formaci\u00f3n conocer el conjunto de teor\u00edas que posibilitan un posicionamiento como ense\u00f1ante, pedagogo y trabajador de la cultura en el contexto de la sociedad argentina y latinoamericana.<\/p>\n<p>El Sistema Educativo Provincial debe garantizar la formaci\u00f3n de docentes convencidos del potencial liberador y transformador de las situaciones de injusticia que toda pedagog\u00eda cr\u00edtica conlleva.<\/p>\n<p>La inclusi\u00f3n de Filosof\u00eda, Pedagog\u00eda y Did\u00e1ctica General tiene por objeto brindarles a los estudiantes herramientas conceptuales acerca de las tradiciones y los debates actuales (especialmente los producidos en Am\u00e9rica Latina) referidos a la educaci\u00f3n y a la ense\u00f1anza a trav\u00e9s de una actitud cr\u00edtica orientada a su interpretaci\u00f3n, problematizaci\u00f3n y transformaci\u00f3n.<\/p>\n<p>La articulaci\u00f3n interna de este conjunto de materias, as\u00ed como las relaciones que se establecer\u00e1n con<\/p>\n<p>las de los otros campos, posibilitar\u00e1 un posicionamiento docente que ponga en acto el siguiente tri\u00e1ngulo:<\/p>\n<p>problematizar, construir conocimiento y organizarse para un trabajo en colaboraci\u00f3n.<\/p>\n<table border=\"0\" cellspacing=\"0\" cellpadding=\"0\">\n<tbody>\n<tr>\n<td valign=\"top\" width=\"100%\"><strong>Plan de estudios &nbsp;4 a\u00f1os.<\/strong><p><\/p>\n<table border=\"1\" cellspacing=\"0\" cellpadding=\"0\">\n<tbody>\n<tr>\n<td width=\"100%\"><strong>Profesorado en Educaci\u00f3n Primaria<\/strong><strong>&nbsp;Resol. N\u00b0 3160\/07<\/strong><\/td>\n<\/tr>\n<tr>\n<td width=\"100%\"><strong>Primer a\u00f1o<\/strong><\/td>\n<\/tr>\n<tr>\n<td width=\"100%\">&nbsp;1.Taller de lectura, escritura y oralidad<\/td>\n<\/tr>\n<tr>\n<td width=\"100%\">&nbsp;2.Taller de pensamiento l\u00f3gico matem\u00e1tico<\/td>\n<\/tr>\n<tr>\n<td width=\"100%\">&nbsp;3.Taller de definici\u00f3n institucional<\/td>\n<\/tr>\n<tr>\n<td width=\"100%\">&nbsp;4.Filosof\u00eda<\/td>\n<\/tr>\n<tr>\n<td width=\"100%\">&nbsp;5.Did\u00e1ctica General<strong>&nbsp;<\/strong><\/td>\n<\/tr>\n<tr>\n<td width=\"100%\">&nbsp;6.Pedagog\u00eda<\/td>\n<\/tr>\n<tr>\n<td width=\"100%\">&nbsp;7.An\u00e1lisis del mundo contempor\u00e1neo<\/td>\n<\/tr>\n<tr>\n<td width=\"100%\">&nbsp;8. Psicolog\u00eda del desarrollo y del aprendizaje I<\/td>\n<\/tr>\n<tr>\n<td width=\"100%\">&nbsp;9. Corporeidad y Motricidad<\/td>\n<\/tr>\n<tr>\n<td width=\"100%\">10.&nbsp;Arte y educaci\u00f3n<\/td>\n<\/tr>\n<tr>\n<td width=\"100%\"><strong>Campo de la Pr\u00e1ctica Docente<\/strong><\/td>\n<\/tr>\n<tr>\n<td width=\"100%\">Pr\u00e1ctica en terreno<\/td>\n<\/tr>\n<tr>\n<td width=\"100%\">Taller integrador interdisciplinario<\/td>\n<\/tr>\n<tr>\n<td width=\"100%\">Herramientas de la Pr\u00e1ctica: Taller de Educaci\u00f3n social y estrategias de educaci\u00f3n popular<\/td>\n<\/tr>\n<tr>\n<td width=\"100%\"><strong>Segundo a\u00f1o<\/strong><\/td>\n<\/tr>\n<tr>\n<td width=\"100%\">11. Teor\u00edas sociopol\u00edticas y educaci\u00f3n<\/td>\n<\/tr>\n<tr>\n<td width=\"100%\">12. Did\u00e1ctica y Curr\u00edculum de Nivel Primario<\/td>\n<\/tr>\n<tr>\n<td width=\"100%\">13. Psicolog\u00eda del desarrollo y del aprendizaje II<\/td>\n<\/tr>\n<tr>\n<td width=\"100%\">14. Psicolog\u00eda social e institucional<\/td>\n<\/tr>\n<tr>\n<td width=\"100%\">15. Cultura, comunicaci\u00f3n y educaci\u00f3n<\/td>\n<\/tr>\n<tr>\n<td width=\"100%\">16. Educaci\u00f3n art\u00edstica<\/td>\n<\/tr>\n<tr>\n<td width=\"100%\">17. Did\u00e1ctica de las Pr\u00e1cticas del Lenguaje y la Literatura I<\/td>\n<\/tr>\n<tr>\n<td width=\"100%\">18. Did\u00e1ctica de las Ciencias Sociales I<\/td>\n<\/tr>\n<tr>\n<td width=\"100%\">19. Did\u00e1ctica de las Ciencias Naturales I<\/td>\n<\/tr>\n<tr>\n<td width=\"100%\">20. Did\u00e1ctica de la Matem\u00e1tica I y II<\/td>\n<\/tr>\n<tr>\n<td width=\"100%\"><strong>Campo de la Pr\u00e1ctica Docente<\/strong><\/td>\n<\/tr>\n<tr>\n<td width=\"100%\">Pr\u00e1ctica en terreno<\/td>\n<\/tr>\n<tr>\n<td width=\"100%\">Taller integrador interdisciplinario<\/td>\n<\/tr>\n<tr>\n<td width=\"100%\">Herramientas de la Pr\u00e1ctica: Aproximaci\u00f3n y an\u00e1lisis cualitativo institucional<\/td>\n<\/tr>\n<tr>\n<td width=\"100%\"><strong>Tercer a\u00f1o<\/strong><\/td>\n<\/tr>\n<tr>\n<td width=\"100%\">21. Historia y prospectiva de la educaci\u00f3n<\/td>\n<\/tr>\n<tr>\n<td width=\"100%\">22. Pol\u00edticas, legislaci\u00f3n y administraci\u00f3n del trabajo escolar<\/td>\n<\/tr>\n<tr>\n<td width=\"100%\">23. Configuraciones culturales del sujeto educativo de Primaria<\/td>\n<\/tr>\n<tr>\n<td width=\"100%\">24. Medios audiovisuales, TIC\u00b4s y educaci\u00f3n<\/td>\n<\/tr>\n<tr>\n<td width=\"100%\">25. Educaci\u00f3n F\u00edsica Escolar<\/td>\n<\/tr>\n<tr>\n<td width=\"100%\">26. Did\u00e1ctica de Pr\u00e1cticas del Lenguajes y la Literatura II<\/td>\n<\/tr>\n<tr>\n<td width=\"100%\">27.Did\u00e1ctica de las Ciencias Sociales II<\/td>\n<\/tr>\n<tr>\n<td width=\"100%\">28. Did\u00e1ctica de las Ciencias Naturales II<\/td>\n<\/tr>\n<tr>\n<td width=\"100%\">29. Did\u00e1ctica de la Matem\u00e1tica I y II<\/td>\n<\/tr>\n<tr>\n<td width=\"100%\"><strong>Campo de la Pr\u00e1ctica Docente<\/strong><\/td>\n<\/tr>\n<tr>\n<td width=\"100%\">Pr\u00e1ctica en terreno<\/td>\n<\/tr>\n<tr>\n<td width=\"100%\">Taller integrador interdisciplinario<\/td>\n<\/tr>\n<tr>\n<td width=\"100%\">Herramientas de la Pr\u00e1ctica: Investigaci\u00f3n en y para la acci\u00f3n docente<\/td>\n<\/tr>\n<tr>\n<td width=\"100%\"><strong>Cuarto a\u00f1o<\/strong><\/td>\n<\/tr>\n<tr>\n<td width=\"100%\">30. Reflexi\u00f3n filos\u00f3fica de la educaci\u00f3n<\/td>\n<\/tr>\n<tr>\n<td width=\"100%\">31. Dimensi\u00f3n \u00e9tico-pol\u00edtica de la praxis docente<\/td>\n<\/tr>\n<tr>\n<td width=\"100%\">32. Pedagog\u00eda cr\u00edtica de las diferencias<\/td>\n<\/tr>\n<tr>\n<td width=\"100%\">33. Ateneo de Pr\u00e1cticas del Lenguaje y de Literatura<\/td>\n<\/tr>\n<tr>\n<td width=\"100%\">34. &nbsp;Ateneo de Matem\u00e1tica<\/td>\n<\/tr>\n<tr>\n<td width=\"100%\">35. Ateneo de Ciencias sociales<\/td>\n<\/tr>\n<tr>\n<td width=\"100%\">36. Ateneo de Ciencias Naturales<\/td>\n<\/tr>\n<tr>\n<td width=\"100%\"><strong>Campo de la Pr\u00e1ctica Docente<\/strong><\/td>\n<\/tr>\n<tr>\n<td width=\"100%\">Pr\u00e1ctica en terreno<\/td>\n<\/tr>\n<tr>\n<td width=\"100%\">Taller integrador interdisciplinario<\/td>\n<\/tr>\n<\/tbody>\n<\/table>\n<\/td>\n<\/tr>\n<\/tbody>\n<\/table>\n<p>La carrera en las redes sociales:<\/p>\n<ul>\n<li>https:\/\/www.facebook.com\/groups\/1573376862904080\/<\/li>\n<\/ul>\n<p><em>&nbsp;<\/em><\/p>\n<\/td>\n<\/tr>\n<\/tbody>\n<\/table>\n\n\n<figure class=\"wp-block-embed is-type-video is-provider-youtube wp-block-embed-youtube wp-embed-aspect-16-9 wp-has-aspect-ratio\"><div class=\"wp-block-embed__wrapper\">\n<iframe loading=\"lazy\" title=\"Nuevo R\u00e9gimen Acad\u00e9mico Marco para el nivel superior\" width=\"1200\" height=\"675\" src=\"https:\/\/www.youtube.com\/embed\/PGNq9qlvPig?feature=oembed\" frameborder=\"0\" allow=\"accelerometer; autoplay; clipboard-write; encrypted-media; gyroscope; picture-in-picture; web-share\" referrerpolicy=\"strict-origin-when-cross-origin\" allowfullscreen><\/iframe>\n<\/div><figcaption class=\"wp-element-caption\">El R\u00e9gimen Acad\u00e9mico Marco es una normativa que regula, acompa\u00f1a y sostiene la trayectoria formativa de las y los estudiantes. El RAM es de aplicaci\u00f3n en toda la Educaci\u00f3n Superior dependiente de la DGCyE de la Provincia de Buenos Aires tanto en gesti\u00f3n estatal como privada. Esta normativa regula, por ejemplo: formas de ingreso, condiciones de regularidad, las modalidades de cursada posibles, entre otros.<\/figcaption><\/figure>\n\n\n\n<div class=\"alignnormal\"><div id=\"metaslider-id-3138\" style=\"width: 100%;\" class=\"ml-slider-3-33-0 metaslider metaslider-nivo metaslider-3138 ml-slider ms-theme-default\" role=\"region\" aria-roledescription=\"Slideshow\" aria-label=\"Slideshow\">\n    <div id=\"metaslider_container_3138\">\n        <div class='slider-wrapper theme-default'><div class='ribbon'><\/div><div id='metaslider_3138' class='nivoSlider'><img src=\"https:\/\/isfd45-bue.infd.edu.ar\/sitio\/wp-content\/uploads\/2025\/05\/ram1-1111x600.jpg\" height=\"600\" width=\"1111\" title=\"ram1\" alt=\"\" class=\"slider-3138 slide-3139\" \/><img src=\"https:\/\/isfd45-bue.infd.edu.ar\/sitio\/wp-content\/uploads\/2025\/05\/ram2-1111x600.jpg\" height=\"600\" width=\"1111\" title=\"ram2\" alt=\"\" class=\"slider-3138 slide-3140\" \/><img src=\"https:\/\/isfd45-bue.infd.edu.ar\/sitio\/wp-content\/uploads\/2025\/05\/ram3-1111x600.jpg\" height=\"600\" width=\"1111\" title=\"ram3\" alt=\"\" class=\"slider-3138 slide-3141\" \/><img src=\"https:\/\/isfd45-bue.infd.edu.ar\/sitio\/wp-content\/uploads\/2025\/05\/ram4-1111x600.jpg\" height=\"600\" width=\"1111\" title=\"ram4\" alt=\"\" class=\"slider-3138 slide-3142\" \/><img src=\"https:\/\/isfd45-bue.infd.edu.ar\/sitio\/wp-content\/uploads\/2025\/05\/ram5-1111x600.jpg\" height=\"600\" width=\"1111\" title=\"ram5\" alt=\"\" class=\"slider-3138 slide-3143\" \/><img src=\"https:\/\/isfd45-bue.infd.edu.ar\/sitio\/wp-content\/uploads\/2025\/05\/ram6-1111x600.jpg\" height=\"600\" width=\"1111\" title=\"ram6\" alt=\"\" class=\"slider-3138 slide-3144\" \/><img src=\"https:\/\/isfd45-bue.infd.edu.ar\/sitio\/wp-content\/uploads\/2025\/05\/ram7-1111x600.jpg\" height=\"600\" width=\"1111\" title=\"ram7\" alt=\"\" class=\"slider-3138 slide-3145\" \/><img src=\"https:\/\/isfd45-bue.infd.edu.ar\/sitio\/wp-content\/uploads\/2025\/05\/ram8-1111x600.jpg\" height=\"600\" width=\"1111\" title=\"ram8\" alt=\"\" class=\"slider-3138 slide-3146\" \/><img src=\"https:\/\/isfd45-bue.infd.edu.ar\/sitio\/wp-content\/uploads\/2025\/05\/ram9-1111x600.jpg\" height=\"600\" width=\"1111\" title=\"ram9\" alt=\"\" class=\"slider-3138 slide-3147\" \/><img src=\"https:\/\/isfd45-bue.infd.edu.ar\/sitio\/wp-content\/uploads\/2025\/05\/ram10-1111x600.jpg\" height=\"600\" width=\"1111\" title=\"ram10\" alt=\"\" class=\"slider-3138 slide-3148\" \/><img src=\"https:\/\/isfd45-bue.infd.edu.ar\/sitio\/wp-content\/uploads\/2025\/05\/ram11-1111x600.jpg\" height=\"600\" width=\"1111\" title=\"ram11\" alt=\"\" class=\"slider-3138 slide-3149\" \/><img src=\"https:\/\/isfd45-bue.infd.edu.ar\/sitio\/wp-content\/uploads\/2025\/05\/ram12-1111x600.jpg\" height=\"600\" width=\"1111\" title=\"ram12\" alt=\"\" class=\"slider-3138 slide-3150\" \/><\/div><\/div>\n        \n    <\/div>\n<\/div><\/div>\n","protected":false},"excerpt":{"rendered":"<p>&nbsp; T\u00edtulo a obtener: Profesor\/a de Educaci\u00f3n Primaria Turnos de cursada Referente: Regente Emilce Geoghegan Turno ma\u00f1ana de 8:00 a 12:00 hs Turno tarde de 13:00 a 17:00 hs Turno Vespertino de 18:00 a 22:00 hs. La modalidad de cursada es presencial y para inscribirse los aspirantes deben cumplir como requisito indispensable&nbsp;haber terminado el colegio &#8230; <a title=\"Informaci\u00f3n de Primaria\" class=\"read-more\" href=\"https:\/\/isfd45-bue.infd.edu.ar\/sitio\/informacion-2\/\" aria-label=\"More on Informaci\u00f3n de Primaria\">[+]<\/a><\/p>\n","protected":false},"author":2379,"featured_media":0,"parent":0,"menu_order":0,"comment_status":"closed","ping_status":"closed","template":"","meta":[],"acf":[],"_links":{"self":[{"href":"https:\/\/isfd45-bue.infd.edu.ar\/sitio\/wp-json\/wp\/v2\/pages\/1097"}],"collection":[{"href":"https:\/\/isfd45-bue.infd.edu.ar\/sitio\/wp-json\/wp\/v2\/pages"}],"about":[{"href":"https:\/\/isfd45-bue.infd.edu.ar\/sitio\/wp-json\/wp\/v2\/types\/page"}],"author":[{"embeddable":true,"href":"https:\/\/isfd45-bue.infd.edu.ar\/sitio\/wp-json\/wp\/v2\/users\/2379"}],"replies":[{"embeddable":true,"href":"https:\/\/isfd45-bue.infd.edu.ar\/sitio\/wp-json\/wp\/v2\/comments?post=1097"}],"version-history":[{"count":8,"href":"https:\/\/isfd45-bue.infd.edu.ar\/sitio\/wp-json\/wp\/v2\/pages\/1097\/revisions"}],"predecessor-version":[{"id":3154,"href":"https:\/\/isfd45-bue.infd.edu.ar\/sitio\/wp-json\/wp\/v2\/pages\/1097\/revisions\/3154"}],"wp:attachment":[{"href":"https:\/\/isfd45-bue.infd.edu.ar\/sitio\/wp-json\/wp\/v2\/media?parent=1097"}],"curies":[{"name":"wp","href":"https:\/\/api.w.org\/{rel}","templated":true}]}}