{"id":1437,"date":"2019-12-20T00:58:51","date_gmt":"2019-12-20T03:58:51","guid":{"rendered":"https:\/\/isfd45-bue.infd.edu.ar\/sitio\/?page_id=1437"},"modified":"2022-12-13T15:47:21","modified_gmt":"2022-12-13T18:47:21","slug":"formulario-para-solicitud-de-titulo-de-profesora-de-educacion-primaria","status":"publish","type":"page","link":"https:\/\/isfd45-bue.infd.edu.ar\/sitio\/formulario-para-solicitud-de-titulo-de-profesora-de-educacion-primaria\/","title":{"rendered":"Formulario para la solicitud de t\u00edtulo de Profesora de Educaci\u00f3n Primaria"},"content":{"rendered":"<p>La solicitud para iniciar el tr\u00e1mite del t\u00edtulo se realiza despu\u00e9s de acreditadas todas las materias de la carrera. Si todav\u00eda no le\u00edste el instructivo, pod\u00e9s consultarlo <a href=\"https:\/\/isfd45-bue.infd.edu.ar\/sitio\/wp-content\/uploads\/2022\/12\/Guia_Solicitud_de_Titulo-5.pdf\">ac\u00e1<\/a>.<\/p>\n<p>Al completar y enviar el siguiente formulario, recibir\u00e1s el archivo con tu porcentaje de materias completo en un archivo PDF para presentar a tu preceptor:<\/p>\n<p><iframe loading=\"lazy\" src=\"https:\/\/docs.google.com\/forms\/d\/e\/1FAIpQLSfjq4d0b1BYt7FCYpbtzR_wqkKfXNXWBpf4coY4RasL4p2nXA\/viewform?embedded=true\" width=\"700\" height=\"1040\" frameborder=\"0\" marginwidth=\"0\" marginheight=\"0\"><span style=\"display: inline-block; width: 0px; overflow: hidden; line-height: 0;\" data-mce-type=\"bookmark\" class=\"mce_SELRES_start\">\ufeff<\/span>Cargando\u2026<\/iframe><\/p>\n","protected":false},"excerpt":{"rendered":"<p>La solicitud para iniciar el tr\u00e1mite del t\u00edtulo se realiza despu\u00e9s de acreditadas todas las materias de la carrera. Si todav\u00eda no le\u00edste el instructivo, pod\u00e9s consultarlo ac\u00e1. Al completar y enviar el siguiente formulario, recibir\u00e1s el archivo con tu porcentaje de materias completo en un archivo PDF para presentar a tu preceptor: \ufeffCargando\u2026<\/p>\n","protected":false},"author":2175,"featured_media":0,"parent":0,"menu_order":0,"comment_status":"closed","ping_status":"closed","template":"","meta":[],"acf":[],"_links":{"self":[{"href":"https:\/\/isfd45-bue.infd.edu.ar\/sitio\/wp-json\/wp\/v2\/pages\/1437"}],"collection":[{"href":"https:\/\/isfd45-bue.infd.edu.ar\/sitio\/wp-json\/wp\/v2\/pages"}],"about":[{"href":"https:\/\/isfd45-bue.infd.edu.ar\/sitio\/wp-json\/wp\/v2\/types\/page"}],"author":[{"embeddable":true,"href":"https:\/\/isfd45-bue.infd.edu.ar\/sitio\/wp-json\/wp\/v2\/users\/2175"}],"replies":[{"embeddable":true,"href":"https:\/\/isfd45-bue.infd.edu.ar\/sitio\/wp-json\/wp\/v2\/comments?post=1437"}],"version-history":[{"count":4,"href":"https:\/\/isfd45-bue.infd.edu.ar\/sitio\/wp-json\/wp\/v2\/pages\/1437\/revisions"}],"predecessor-version":[{"id":2342,"href":"https:\/\/isfd45-bue.infd.edu.ar\/sitio\/wp-json\/wp\/v2\/pages\/1437\/revisions\/2342"}],"wp:attachment":[{"href":"https:\/\/isfd45-bue.infd.edu.ar\/sitio\/wp-json\/wp\/v2\/media?parent=1437"}],"curies":[{"name":"wp","href":"https:\/\/api.w.org\/{rel}","templated":true}]}}