{"id":1442,"date":"2019-12-20T12:34:01","date_gmt":"2019-12-20T15:34:01","guid":{"rendered":"https:\/\/isfd45-bue.infd.edu.ar\/sitio\/?page_id=1442"},"modified":"2019-12-20T12:34:01","modified_gmt":"2019-12-20T15:34:01","slug":"solicitud-de-titulo-de-profesora-de-educacion-inicial","status":"publish","type":"page","link":"https:\/\/isfd45-bue.infd.edu.ar\/sitio\/solicitud-de-titulo-de-profesora-de-educacion-inicial\/","title":{"rendered":"Solicitud de t\u00edtulo de Profesora de Educaci\u00f3n Inicial"},"content":{"rendered":"<p>La solicitud para iniciar el tr\u00e1mite del t\u00edtulo se realiza despu\u00e9s de acreditadas todas las materias de la carrera. El tr\u00e1mite se inicia completando el siguiente formulario:<\/p>\n<p>&nbsp;<br \/>\n<iframe loading=\"lazy\" src=\"https:\/\/docs.google.com\/forms\/d\/e\/1FAIpQLSexgO4ntiX93ucrLOrxAaAlhMYw9419oQcOs7IJtUG0lCv5Hw\/viewform?embedded=true\" width=\"700\" height=\"1040\" frameborder=\"0\" marginheight=\"0\" marginwidth=\"0\">Cargando\u2026<\/iframe><br \/>\n&nbsp;<\/p>\n","protected":false},"excerpt":{"rendered":"<p>La solicitud para iniciar el tr\u00e1mite del t\u00edtulo se realiza despu\u00e9s de acreditadas todas las materias de la carrera. El tr\u00e1mite se inicia completando el siguiente formulario: &nbsp; Cargando\u2026 &nbsp;<\/p>\n","protected":false},"author":2175,"featured_media":0,"parent":0,"menu_order":0,"comment_status":"closed","ping_status":"closed","template":"","meta":[],"acf":[],"_links":{"self":[{"href":"https:\/\/isfd45-bue.infd.edu.ar\/sitio\/wp-json\/wp\/v2\/pages\/1442"}],"collection":[{"href":"https:\/\/isfd45-bue.infd.edu.ar\/sitio\/wp-json\/wp\/v2\/pages"}],"about":[{"href":"https:\/\/isfd45-bue.infd.edu.ar\/sitio\/wp-json\/wp\/v2\/types\/page"}],"author":[{"embeddable":true,"href":"https:\/\/isfd45-bue.infd.edu.ar\/sitio\/wp-json\/wp\/v2\/users\/2175"}],"replies":[{"embeddable":true,"href":"https:\/\/isfd45-bue.infd.edu.ar\/sitio\/wp-json\/wp\/v2\/comments?post=1442"}],"version-history":[{"count":1,"href":"https:\/\/isfd45-bue.infd.edu.ar\/sitio\/wp-json\/wp\/v2\/pages\/1442\/revisions"}],"predecessor-version":[{"id":1443,"href":"https:\/\/isfd45-bue.infd.edu.ar\/sitio\/wp-json\/wp\/v2\/pages\/1442\/revisions\/1443"}],"wp:attachment":[{"href":"https:\/\/isfd45-bue.infd.edu.ar\/sitio\/wp-json\/wp\/v2\/media?parent=1442"}],"curies":[{"name":"wp","href":"https:\/\/api.w.org\/{rel}","templated":true}]}}