{"id":1966,"date":"2021-12-13T21:33:52","date_gmt":"2021-12-14T00:33:52","guid":{"rendered":"https:\/\/isfd45-bue.infd.edu.ar\/sitio\/?page_id=1966"},"modified":"2022-12-23T10:02:10","modified_gmt":"2022-12-23T13:02:10","slug":"caratula-y-formularios-para-solicitud-de-titulo","status":"publish","type":"page","link":"https:\/\/isfd45-bue.infd.edu.ar\/sitio\/caratula-y-formularios-para-solicitud-de-titulo\/","title":{"rendered":"Car\u00e1tula y formularios para solicitud de T\u00edtulo"},"content":{"rendered":"\n<p>Si todav\u00eda no le\u00edste el instructivo, pod\u00e9s consultarlo <a href=\"https:\/\/isfd45-bue.infd.edu.ar\/sitio\/wp-content\/uploads\/2022\/12\/Guia_Solicitud_de_Titulo.pdf\" target=\"_blank\" rel=\"noreferrer noopener\">ac\u00e1<\/a>.<\/p>\n\n\n\n<p>La documentaci\u00f3n solicitada para iniciar el tr\u00e1mite se puede descargar de los siguientes enlaces:<\/p>\n\n\n\n<p><strong>Car\u00e1tula <\/strong>(general para todas las carreras)<\/p>\n\n\n\n<ul><li><a href=\"https:\/\/isfd45-bue.infd.edu.ar\/sitio\/wp-content\/uploads\/2022\/12\/CARATULA_pedido_de_titulo.doc\" target=\"_blank\" rel=\"noreferrer noopener\">Car\u00e1tula para descargar<\/a><\/li><\/ul>\n\n\n\n<p><strong>Planilla de porcentaje de materias aprobadas completo (100%):<\/strong><\/p>\n\n\n\n<ul><li>Profesorado de Educaci\u00f3n Inicial (pedir al preceptor\/a)<\/li><li><a href=\"https:\/\/isfd45-bue.infd.edu.ar\/sitio\/formulario-para-solicitud-de-titulo-de-profesora-de-educacion-primaria\/\" data-type=\"page\" data-id=\"1437\">Profesorado de Educaci\u00f3n Primaria<\/a><\/li><li><a href=\"https:\/\/isfd45-bue.infd.edu.ar\/sitio\/wp-content\/uploads\/2021\/12\/Porcentaje_completo_Economia.xlsx\">Profesorado de Educaci\u00f3n Secundaria en Econom\u00eda y Gesti\u00f3n<\/a><\/li><li>Profesorado de Educaci\u00f3n Secundaria en F\u00edsica (pedir al preceptor)<\/li><li><a href=\"https:\/\/isfd45-bue.infd.edu.ar\/sitio\/wp-content\/uploads\/2021\/12\/Porcentaje_completo_Geografia.xlsx\">Profesorado de Educaci\u00f3n Secundaria en Geograf\u00eda<\/a><\/li><li><a href=\"https:\/\/isfd45-bue.infd.edu.ar\/sitio\/wp-content\/uploads\/2021\/12\/Porcentaje_completo_Historia.xlsx\">Profesorado de Educaci\u00f3n Secundaria en Historia<\/a><\/li><li>Profesorado de Educaci\u00f3n Secundaria en Lengua y Literatura (pedir a la preceptora)<\/li><li>Profesorado de Educaci\u00f3n Secundaria en Matem\u00e1tica (pedir a la preceptora)<\/li><li>Profesorado de Educaci\u00f3n Secundaria en Qu\u00edmica (pedir al preceptor)<\/li><\/ul>\n\n\n\n<p><\/p>\n","protected":false},"excerpt":{"rendered":"<p>Si todav\u00eda no le\u00edste el instructivo, pod\u00e9s consultarlo ac\u00e1. La documentaci\u00f3n solicitada para iniciar el tr\u00e1mite se puede descargar de los siguientes enlaces: Car\u00e1tula (general para todas las carreras) Car\u00e1tula para descargar Planilla de porcentaje de materias aprobadas completo (100%): Profesorado de Educaci\u00f3n Inicial (pedir al preceptor\/a) Profesorado de Educaci\u00f3n Primaria Profesorado de Educaci\u00f3n Secundaria &#8230; <a title=\"Car\u00e1tula y formularios para solicitud de T\u00edtulo\" class=\"read-more\" href=\"https:\/\/isfd45-bue.infd.edu.ar\/sitio\/caratula-y-formularios-para-solicitud-de-titulo\/\" aria-label=\"More on Car\u00e1tula y formularios para solicitud de T\u00edtulo\">[+]<\/a><\/p>\n","protected":false},"author":2175,"featured_media":0,"parent":0,"menu_order":0,"comment_status":"closed","ping_status":"closed","template":"","meta":[],"acf":[],"_links":{"self":[{"href":"https:\/\/isfd45-bue.infd.edu.ar\/sitio\/wp-json\/wp\/v2\/pages\/1966"}],"collection":[{"href":"https:\/\/isfd45-bue.infd.edu.ar\/sitio\/wp-json\/wp\/v2\/pages"}],"about":[{"href":"https:\/\/isfd45-bue.infd.edu.ar\/sitio\/wp-json\/wp\/v2\/types\/page"}],"author":[{"embeddable":true,"href":"https:\/\/isfd45-bue.infd.edu.ar\/sitio\/wp-json\/wp\/v2\/users\/2175"}],"replies":[{"embeddable":true,"href":"https:\/\/isfd45-bue.infd.edu.ar\/sitio\/wp-json\/wp\/v2\/comments?post=1966"}],"version-history":[{"count":13,"href":"https:\/\/isfd45-bue.infd.edu.ar\/sitio\/wp-json\/wp\/v2\/pages\/1966\/revisions"}],"predecessor-version":[{"id":2351,"href":"https:\/\/isfd45-bue.infd.edu.ar\/sitio\/wp-json\/wp\/v2\/pages\/1966\/revisions\/2351"}],"wp:attachment":[{"href":"https:\/\/isfd45-bue.infd.edu.ar\/sitio\/wp-json\/wp\/v2\/media?parent=1966"}],"curies":[{"name":"wp","href":"https:\/\/api.w.org\/{rel}","templated":true}]}}