{"id":2714,"date":"2023-10-04T17:17:19","date_gmt":"2023-10-04T20:17:19","guid":{"rendered":"https:\/\/isfd45-bue.infd.edu.ar\/sitio\/?page_id=2714"},"modified":"2023-10-04T17:17:20","modified_gmt":"2023-10-04T20:17:20","slug":"informacion-de-quimica","status":"publish","type":"page","link":"https:\/\/isfd45-bue.infd.edu.ar\/sitio\/informacion-de-quimica\/","title":{"rendered":"Informaci\u00f3n de Qu\u00edmica"},"content":{"rendered":"\n<figure class=\"wp-block-image size-thumbnail\"><img decoding=\"async\" loading=\"lazy\" width=\"500\" height=\"500\" src=\"https:\/\/isfd45-bue.infd.edu.ar\/sitio\/wp-content\/uploads\/2023\/10\/quim-500x500.jpg\" alt=\"\" class=\"wp-image-2715\" srcset=\"https:\/\/isfd45-bue.infd.edu.ar\/sitio\/wp-content\/uploads\/2023\/10\/quim-500x500.jpg 500w, https:\/\/isfd45-bue.infd.edu.ar\/sitio\/wp-content\/uploads\/2023\/10\/quim-768x766.jpg 768w, https:\/\/isfd45-bue.infd.edu.ar\/sitio\/wp-content\/uploads\/2023\/10\/quim.jpg 810w\" sizes=\"(max-width: 500px) 100vw, 500px\" \/><\/figure>\n\n\n\n<p>El Profesorado de Qu\u00edmica se dicta en nuestra instituci\u00f3n desde 1985 y es una de las 9<br>carreras de profesorado que pod\u00e9s encontrar en nuestro instituto.<br>A continuaci\u00f3n algunos mensajes para nuestros estudiantes:<\/p>\n\n\n\n<p><\/p>\n\n\n\n<figure class=\"wp-block-image size-medium\"><img decoding=\"async\" loading=\"lazy\" width=\"1000\" height=\"987\" src=\"https:\/\/isfd45-bue.infd.edu.ar\/sitio\/wp-content\/uploads\/2023\/10\/curie-1000x987.png\" alt=\"\" class=\"wp-image-2716\" srcset=\"https:\/\/isfd45-bue.infd.edu.ar\/sitio\/wp-content\/uploads\/2023\/10\/curie-1000x987.png 1000w, https:\/\/isfd45-bue.infd.edu.ar\/sitio\/wp-content\/uploads\/2023\/10\/curie-768x758.png 768w, https:\/\/isfd45-bue.infd.edu.ar\/sitio\/wp-content\/uploads\/2023\/10\/curie.png 1277w\" sizes=\"(max-width: 1000px) 100vw, 1000px\" \/><\/figure>\n\n\n\n<figure class=\"wp-block-image size-medium\"><img decoding=\"async\" loading=\"lazy\" width=\"1000\" height=\"936\" src=\"https:\/\/isfd45-bue.infd.edu.ar\/sitio\/wp-content\/uploads\/2023\/10\/lavoi-1000x936.jpg\" alt=\"\" class=\"wp-image-2717\" srcset=\"https:\/\/isfd45-bue.infd.edu.ar\/sitio\/wp-content\/uploads\/2023\/10\/lavoi-1000x936.jpg 1000w, https:\/\/isfd45-bue.infd.edu.ar\/sitio\/wp-content\/uploads\/2023\/10\/lavoi-768x719.jpg 768w, https:\/\/isfd45-bue.infd.edu.ar\/sitio\/wp-content\/uploads\/2023\/10\/lavoi.jpg 1375w\" sizes=\"(max-width: 1000px) 100vw, 1000px\" \/><\/figure>\n\n\n\n<p>T\u00edtulo a obtener: Profesora\/Profesor de Educaci\u00f3n Secundaria en Qu\u00edmica.<br>Duraci\u00f3n de la carrera: 4 a\u00f1os.<br>Jefe de \u00e1rea: Prof. Gustavo Groccia<br>Turno Vespertino<br>Sede Laiacona 1040. Haedo<br>Nuevo <a href=\"https:\/\/abc.gob.ar\/secretarias\/sites\/default\/files\/2023-04\/Dise%C3%B1o%20Curricular%20del%20Profesorado%20de%20Educaci%C3%B3n%20Secundaria%20en%20Qu%C3%ADmica_0.pdf\">Plan de estudios vigente desde 1er a\u00f1o de 2023:<\/a><\/p>\n\n\n\n<figure class=\"wp-block-image size-medium\"><img decoding=\"async\" loading=\"lazy\" width=\"735\" height=\"1000\" src=\"https:\/\/isfd45-bue.infd.edu.ar\/sitio\/wp-content\/uploads\/2023\/10\/primero-qui-735x1000.jpg\" alt=\"\" class=\"wp-image-2718\" srcset=\"https:\/\/isfd45-bue.infd.edu.ar\/sitio\/wp-content\/uploads\/2023\/10\/primero-qui-735x1000.jpg 735w, https:\/\/isfd45-bue.infd.edu.ar\/sitio\/wp-content\/uploads\/2023\/10\/primero-qui-768x1045.jpg 768w, https:\/\/isfd45-bue.infd.edu.ar\/sitio\/wp-content\/uploads\/2023\/10\/primero-qui.jpg 1034w\" sizes=\"(max-width: 735px) 100vw, 735px\" \/><\/figure>\n\n\n\n<figure class=\"wp-block-image size-medium\"><img decoding=\"async\" loading=\"lazy\" width=\"669\" height=\"1000\" src=\"https:\/\/isfd45-bue.infd.edu.ar\/sitio\/wp-content\/uploads\/2023\/10\/segundo-qui-669x1000.jpg\" alt=\"\" class=\"wp-image-2719\" srcset=\"https:\/\/isfd45-bue.infd.edu.ar\/sitio\/wp-content\/uploads\/2023\/10\/segundo-qui-669x1000.jpg 669w, https:\/\/isfd45-bue.infd.edu.ar\/sitio\/wp-content\/uploads\/2023\/10\/segundo-qui-768x1148.jpg 768w, https:\/\/isfd45-bue.infd.edu.ar\/sitio\/wp-content\/uploads\/2023\/10\/segundo-qui-1028x1536.jpg 1028w, https:\/\/isfd45-bue.infd.edu.ar\/sitio\/wp-content\/uploads\/2023\/10\/segundo-qui.jpg 1050w\" sizes=\"(max-width: 669px) 100vw, 669px\" \/><\/figure>\n\n\n\n<figure class=\"wp-block-image size-medium\"><img decoding=\"async\" loading=\"lazy\" width=\"677\" height=\"1000\" src=\"https:\/\/isfd45-bue.infd.edu.ar\/sitio\/wp-content\/uploads\/2023\/10\/tercero-qui-677x1000.jpg\" alt=\"\" class=\"wp-image-2720\" srcset=\"https:\/\/isfd45-bue.infd.edu.ar\/sitio\/wp-content\/uploads\/2023\/10\/tercero-qui-677x1000.jpg 677w, https:\/\/isfd45-bue.infd.edu.ar\/sitio\/wp-content\/uploads\/2023\/10\/tercero-qui-768x1135.jpg 768w, https:\/\/isfd45-bue.infd.edu.ar\/sitio\/wp-content\/uploads\/2023\/10\/tercero-qui-1039x1536.jpg 1039w, https:\/\/isfd45-bue.infd.edu.ar\/sitio\/wp-content\/uploads\/2023\/10\/tercero-qui.jpg 1074w\" sizes=\"(max-width: 677px) 100vw, 677px\" \/><\/figure>\n\n\n\n<figure class=\"wp-block-image size-medium\"><img decoding=\"async\" loading=\"lazy\" width=\"638\" height=\"1000\" src=\"https:\/\/isfd45-bue.infd.edu.ar\/sitio\/wp-content\/uploads\/2023\/10\/cuarto-qui-638x1000.jpg\" alt=\"\" class=\"wp-image-2721\" srcset=\"https:\/\/isfd45-bue.infd.edu.ar\/sitio\/wp-content\/uploads\/2023\/10\/cuarto-qui-638x1000.jpg 638w, https:\/\/isfd45-bue.infd.edu.ar\/sitio\/wp-content\/uploads\/2023\/10\/cuarto-qui-768x1204.jpg 768w, https:\/\/isfd45-bue.infd.edu.ar\/sitio\/wp-content\/uploads\/2023\/10\/cuarto-qui-980x1536.jpg 980w, https:\/\/isfd45-bue.infd.edu.ar\/sitio\/wp-content\/uploads\/2023\/10\/cuarto-qui.jpg 1112w\" sizes=\"(max-width: 638px) 100vw, 638px\" \/><\/figure>\n","protected":false},"excerpt":{"rendered":"<p>El Profesorado de Qu\u00edmica se dicta en nuestra instituci\u00f3n desde 1985 y es una de las 9carreras de profesorado que pod\u00e9s encontrar en nuestro instituto.A continuaci\u00f3n algunos mensajes para nuestros estudiantes: T\u00edtulo a obtener: Profesora\/Profesor de Educaci\u00f3n Secundaria en Qu\u00edmica.Duraci\u00f3n de la carrera: 4 a\u00f1os.Jefe de \u00e1rea: Prof. Gustavo GrocciaTurno VespertinoSede Laiacona 1040. HaedoNuevo Plan &#8230; <a title=\"Informaci\u00f3n de Qu\u00edmica\" class=\"read-more\" href=\"https:\/\/isfd45-bue.infd.edu.ar\/sitio\/informacion-de-quimica\/\" aria-label=\"More on Informaci\u00f3n de Qu\u00edmica\">[+]<\/a><\/p>\n","protected":false},"author":2879,"featured_media":0,"parent":0,"menu_order":0,"comment_status":"closed","ping_status":"closed","template":"","meta":[],"acf":[],"_links":{"self":[{"href":"https:\/\/isfd45-bue.infd.edu.ar\/sitio\/wp-json\/wp\/v2\/pages\/2714"}],"collection":[{"href":"https:\/\/isfd45-bue.infd.edu.ar\/sitio\/wp-json\/wp\/v2\/pages"}],"about":[{"href":"https:\/\/isfd45-bue.infd.edu.ar\/sitio\/wp-json\/wp\/v2\/types\/page"}],"author":[{"embeddable":true,"href":"https:\/\/isfd45-bue.infd.edu.ar\/sitio\/wp-json\/wp\/v2\/users\/2879"}],"replies":[{"embeddable":true,"href":"https:\/\/isfd45-bue.infd.edu.ar\/sitio\/wp-json\/wp\/v2\/comments?post=2714"}],"version-history":[{"count":2,"href":"https:\/\/isfd45-bue.infd.edu.ar\/sitio\/wp-json\/wp\/v2\/pages\/2714\/revisions"}],"predecessor-version":[{"id":2723,"href":"https:\/\/isfd45-bue.infd.edu.ar\/sitio\/wp-json\/wp\/v2\/pages\/2714\/revisions\/2723"}],"wp:attachment":[{"href":"https:\/\/isfd45-bue.infd.edu.ar\/sitio\/wp-json\/wp\/v2\/media?parent=2714"}],"curies":[{"name":"wp","href":"https:\/\/api.w.org\/{rel}","templated":true}]}}