{"id":2749,"date":"2023-10-20T16:32:17","date_gmt":"2023-10-20T19:32:17","guid":{"rendered":"https:\/\/isfd45-bue.infd.edu.ar\/sitio\/?page_id=2749"},"modified":"2023-10-20T17:01:19","modified_gmt":"2023-10-20T20:01:19","slug":"informacion","status":"publish","type":"page","link":"https:\/\/isfd45-bue.infd.edu.ar\/sitio\/informacion\/","title":{"rendered":"Informaci\u00f3n de Matem\u00e1tica"},"content":{"rendered":"\n<p>Profesorado de Educaci\u00f3n secundaria en matem\u00e1tica<\/p>\n\n\n\n<p>Jefe de \u00c1rea: Maximiliano Gerenni<\/p>\n\n\n\n<p><a href=\"https:\/\/abc.gob.ar\/secretarias\/sites\/default\/files\/2021-05\/Dise%C3%B1o%20Curricular%20Profesorado%20de%20Matem%C3%A1tica.pdf\" target=\"_blank\" rel=\"noreferrer noopener\">Dise\u00f1o curricular<\/a><\/p>\n\n\n\n<figure class=\"wp-block-image size-large\"><img decoding=\"async\" src=\"https:\/\/www.lavanguardia.com\/files\/content_image_mobile_filter\/files\/fp\/uploads\/2023\/04\/24\/64468ea45c451.r_d.586-810.jpeg\" alt=\"\"\/><\/figure>\n","protected":false},"excerpt":{"rendered":"<p>Profesorado de Educaci\u00f3n secundaria en matem\u00e1tica Jefe de \u00c1rea: Maximiliano Gerenni Dise\u00f1o curricular<\/p>\n","protected":false},"author":2879,"featured_media":0,"parent":0,"menu_order":1,"comment_status":"closed","ping_status":"closed","template":"","meta":[],"acf":[],"_links":{"self":[{"href":"https:\/\/isfd45-bue.infd.edu.ar\/sitio\/wp-json\/wp\/v2\/pages\/2749"}],"collection":[{"href":"https:\/\/isfd45-bue.infd.edu.ar\/sitio\/wp-json\/wp\/v2\/pages"}],"about":[{"href":"https:\/\/isfd45-bue.infd.edu.ar\/sitio\/wp-json\/wp\/v2\/types\/page"}],"author":[{"embeddable":true,"href":"https:\/\/isfd45-bue.infd.edu.ar\/sitio\/wp-json\/wp\/v2\/users\/2879"}],"replies":[{"embeddable":true,"href":"https:\/\/isfd45-bue.infd.edu.ar\/sitio\/wp-json\/wp\/v2\/comments?post=2749"}],"version-history":[{"count":3,"href":"https:\/\/isfd45-bue.infd.edu.ar\/sitio\/wp-json\/wp\/v2\/pages\/2749\/revisions"}],"predecessor-version":[{"id":2764,"href":"https:\/\/isfd45-bue.infd.edu.ar\/sitio\/wp-json\/wp\/v2\/pages\/2749\/revisions\/2764"}],"wp:attachment":[{"href":"https:\/\/isfd45-bue.infd.edu.ar\/sitio\/wp-json\/wp\/v2\/media?parent=2749"}],"curies":[{"name":"wp","href":"https:\/\/api.w.org\/{rel}","templated":true}]}}