{"id":785,"date":"2018-07-02T18:30:30","date_gmt":"2018-07-02T21:30:30","guid":{"rendered":"https:\/\/isfd45-bue.infd.edu.ar\/sitio\/profesorado-en-educacion-primaria-informacion\/"},"modified":"2018-10-03T11:51:32","modified_gmt":"2018-10-03T14:51:32","slug":"profesorado-en-educacion-primaria","status":"publish","type":"page","link":"https:\/\/isfd45-bue.infd.edu.ar\/sitio\/profesorado-en-educacion-primaria\/","title":{"rendered":"Profesorado de Educaci\u00f3n Primaria"},"content":{"rendered":"<ul>\n<li style=\"list-style-type: none;\">\n<ul>\n<li><\/li>\n<\/ul>\n<\/li>\n<\/ul>\n<table border=\"0\" align=\"center\">\n<tbody>\n<tr>\n<td>\n<h1 style=\"text-align: center;\"><span class=\"Titulo_resaltado\" style=\"text-decoration: underline;\"><span style=\"background-color: #99cc00; font-size: 12pt; font-family: 'arial black', sans-serif;\"><strong><em>Profesorado de Educaci\u00f3n Primaria\u00a0<\/em><\/strong><\/span><\/span><\/h1>\n<\/td>\n<\/tr>\n<tr>\n<td>T\u00edtulo a obtener: Profesor\/a de Educaci\u00f3n Primaria<\/p>\n<p>Turnos de cursada<\/p>\n<p>Turno tarde de 13:00 a 17:00 hs<\/p>\n<p>Turno Vespertino de 18:00 a 22:00 hs.<\/p>\n<p>La modalidad de cursada es presencial y para inscribirse los aspirantes deben cumplir como requisito indispensable\u00a0haber terminado el colegio secundario.<\/p>\n<p><strong>Profesorado en Educaci\u00f3n Primaria<\/strong><\/p>\n<p>El Dise\u00f1o Curricular de la Formaci\u00f3n Docente de Nivel Inicial y Nivel Primario ha sido construido sobre la base de un proceso participativo desarrollado durante el per\u00edodo 2006 \u2013 2007. Ese proceso se inici\u00f3 con la voluntad pol\u00edtica de la Direcci\u00f3n General de Cultura y Educaci\u00f3n de la Provincia de Buenos Aires, m\u00e1s el impulso concreto dado por la Direcci\u00f3n de Educaci\u00f3n Superior (DES).<\/p>\n<p>Los fundamentos en que se asienta este Dise\u00f1o Curricular se constituyen a partir de la intersecci\u00f3n de dos campos pedag\u00f3gicos te\u00f3rico \u2013 pr\u00e1cticos: el que corresponde al propio curr\u00edculum y el del objeto de transformaci\u00f3n del nivel, la formaci\u00f3n de docentes.Ambos t\u00e9rminos cobran identidad en dicha articulaci\u00f3n en tanto el curr\u00edculum se convierte en propuesta formativa de docentes y la formaci\u00f3n de docentes se enra\u00edza, encauza y desenvuelve en aquel. Ambos est\u00e1n din\u00e1micamente articulados y desbordan sus propias fronteras, por tratarse de manifestaciones y pr\u00e1cticas del campo sociocultural.<\/p>\n<p><strong>La organizaci\u00f3n curricular general<\/strong><\/p>\n<p>En este paradigma articulador, el curr\u00edculum se organiza sobre la base de distintos campos que no aluden a espacios con fronteras delimitadas o cerradas en s\u00ed mismas. Los campos curriculares son pensados como estructuras que se entrelazan y complementan entre s\u00ed.<\/p>\n<p><strong>El Campo de Actualizaci\u00f3n Formativa<\/strong> debe hacer especial hincapi\u00e9 en la necesidad de fortalecer la identidad y la especificidad de la Formaci\u00f3n Docente como pr\u00e1ctica de educaci\u00f3n superior. Sin duda, este proceso de reconocimiento de quienes eligen la Formaci\u00f3n Docente es decisivo a la hora de desarrollar las propuestas y los procesos<\/p>\n<p>formativos, pero sin vaciar de identidad y especificidad a la educaci\u00f3n superior.<\/p>\n<p>Las materias de este Campo resultan de los diagn\u00f3sticos elaborados por los Institutos Superiores; por ello es funci\u00f3n del mismo dar respuesta a los saberes que requiere el ingresante para ser art\u00edfice de su propio proceso de formaci\u00f3n.<\/p>\n<p>Por ello, el Campo de Actualizaci\u00f3n Formativa es el que enfrenta estas tensiones a trav\u00e9s de dos clases de materias:<\/p>\n<p>\u2022 las que tienen por objeto contenidos definidos en el dise\u00f1o, como Lectura, oralidad y escritura y Pensamiento l\u00f3gico matem\u00e1tico;<\/p>\n<p>\u2022 la que ser\u00e1 definida, en un Taller de definici\u00f3n institucional, por cada instituci\u00f3n, de acuerdo con el reconocimiento por parte del colectivo institucional sobre las caracter\u00edsticas del ingresante.<\/p>\n<p><strong>El campo de fundamentaci\u00f3n\u00a0<\/strong>tiene como prop\u00f3sito y finalidad establecer las bases y los marcos referenciales que permitan a los docentes en formaci\u00f3n conocer el conjunto de teor\u00edas que posibilitan un posicionamiento como ense\u00f1ante, pedagogo y trabajador de la cultura en el contexto de la sociedad argentina y latinoamericana.<\/p>\n<p>El Sistema Educativo Provincial debe garantizar la formaci\u00f3n de docentes convencidos del potencial liberador y transformador de las situaciones de injusticia que toda pedagog\u00eda cr\u00edtica conlleva.<\/p>\n<p>La inclusi\u00f3n de Filosof\u00eda, Pedagog\u00eda y Did\u00e1ctica General tiene por objeto brindarles a los estudiantes herramientas conceptuales acerca de las tradiciones y los debates actuales (especialmente los producidos en Am\u00e9rica Latina) referidos a la educaci\u00f3n y a la ense\u00f1anza a trav\u00e9s de una actitud cr\u00edtica orientada a su interpretaci\u00f3n, problematizaci\u00f3n y transformaci\u00f3n.<\/p>\n<p>La articulaci\u00f3n interna de este conjunto de materias, as\u00ed como las relaciones que se establecer\u00e1n con<\/p>\n<p>las de los otros campos, posibilitar\u00e1 un posicionamiento docente que ponga en acto el siguiente tri\u00e1ngulo:<\/p>\n<p>problematizar, construir conocimiento y organizarse para un trabajo en colaboraci\u00f3n.<\/p>\n<table border=\"0\" cellspacing=\"0\" cellpadding=\"0\">\n<tbody>\n<tr>\n<td valign=\"top\" width=\"100%\"><strong>Plan de estudios \u00a04 a\u00f1os.<\/strong><\/p>\n<table border=\"1\" cellspacing=\"0\" cellpadding=\"0\">\n<tbody>\n<tr>\n<td width=\"100%\"><strong>Profesorado en Educaci\u00f3n Primaria<\/strong><\/p>\n<p><strong>\u00a0Resol. N\u00b0 3160\/07<\/strong><\/td>\n<\/tr>\n<tr>\n<td width=\"100%\"><strong>Primer a\u00f1o<\/strong><\/td>\n<\/tr>\n<tr>\n<td width=\"100%\">\u00a01.Taller de lectura, escritura y oralidad<\/td>\n<\/tr>\n<tr>\n<td width=\"100%\">\u00a02.Taller de pensamiento l\u00f3gico matem\u00e1tico<\/td>\n<\/tr>\n<tr>\n<td width=\"100%\">\u00a03.Taller de definici\u00f3n institucional<\/td>\n<\/tr>\n<tr>\n<td width=\"100%\">\u00a04.Filosof\u00eda<\/td>\n<\/tr>\n<tr>\n<td width=\"100%\">\u00a05.Did\u00e1ctica General<strong>\u00a0<\/strong><\/td>\n<\/tr>\n<tr>\n<td width=\"100%\">\u00a06.Pedagog\u00eda<\/td>\n<\/tr>\n<tr>\n<td width=\"100%\">\u00a07.An\u00e1lisis del mundo contempor\u00e1neo<\/td>\n<\/tr>\n<tr>\n<td width=\"100%\">\u00a08. Psicolog\u00eda del desarrollo y del aprendizaje I<\/td>\n<\/tr>\n<tr>\n<td width=\"100%\">\u00a09. Corporeidad y Motricidad<\/td>\n<\/tr>\n<tr>\n<td width=\"100%\">10.\u00a0Arte y educaci\u00f3n<\/td>\n<\/tr>\n<tr>\n<td width=\"100%\"><strong>Campo de la Pr\u00e1ctica Docente<\/strong><\/td>\n<\/tr>\n<tr>\n<td width=\"100%\">Pr\u00e1ctica en terreno<\/td>\n<\/tr>\n<tr>\n<td width=\"100%\">Taller integrador interdisciplinario<\/td>\n<\/tr>\n<tr>\n<td width=\"100%\">Herramientas de la Pr\u00e1ctica: Taller de Educaci\u00f3n social y estrategias de educaci\u00f3n popular<\/td>\n<\/tr>\n<tr>\n<td width=\"100%\"><strong>Segundo a\u00f1o<\/strong><\/td>\n<\/tr>\n<tr>\n<td width=\"100%\">11. Teor\u00edas sociopol\u00edticas y educaci\u00f3n<\/td>\n<\/tr>\n<tr>\n<td width=\"100%\">12. Did\u00e1ctica y Curr\u00edculum de Nivel Primario<\/td>\n<\/tr>\n<tr>\n<td width=\"100%\">13. Psicolog\u00eda del desarrollo y del aprendizaje II<\/td>\n<\/tr>\n<tr>\n<td width=\"100%\">14. Psicolog\u00eda social e institucional<\/td>\n<\/tr>\n<tr>\n<td width=\"100%\">15. Cultura, comunicaci\u00f3n y educaci\u00f3n<\/td>\n<\/tr>\n<tr>\n<td width=\"100%\">16. Educaci\u00f3n art\u00edstica<\/td>\n<\/tr>\n<tr>\n<td width=\"100%\">17. Did\u00e1ctica de las Pr\u00e1cticas del Lenguaje y la Literatura I<\/td>\n<\/tr>\n<tr>\n<td width=\"100%\">18. Did\u00e1ctica de las Ciencias Sociales I<\/td>\n<\/tr>\n<tr>\n<td width=\"100%\">19. Did\u00e1ctica de las Ciencias Naturales I<\/td>\n<\/tr>\n<tr>\n<td width=\"100%\">20. Did\u00e1ctica de la Matem\u00e1tica I y II<\/td>\n<\/tr>\n<tr>\n<td width=\"100%\"><strong>Campo de la Pr\u00e1ctica Docente<\/strong><\/td>\n<\/tr>\n<tr>\n<td width=\"100%\">Pr\u00e1ctica en terreno<\/td>\n<\/tr>\n<tr>\n<td width=\"100%\">Taller integrador interdisciplinario<\/td>\n<\/tr>\n<tr>\n<td width=\"100%\">Herramientas de la Pr\u00e1ctica: Aproximaci\u00f3n y an\u00e1lisis cualitativo institucional<\/td>\n<\/tr>\n<tr>\n<td width=\"100%\"><strong>Tercer a\u00f1o<\/strong><\/td>\n<\/tr>\n<tr>\n<td width=\"100%\">21. Historia y prospectiva de la educaci\u00f3n<\/td>\n<\/tr>\n<tr>\n<td width=\"100%\">22. Pol\u00edticas, legislaci\u00f3n y administraci\u00f3n del trabajo escolar<\/td>\n<\/tr>\n<tr>\n<td width=\"100%\">23. Configuraciones culturales del sujeto educativo de Primaria<\/td>\n<\/tr>\n<tr>\n<td width=\"100%\">24. Medios audiovisuales, TIC\u00b4s y educaci\u00f3n<\/td>\n<\/tr>\n<tr>\n<td width=\"100%\">25. Educaci\u00f3n F\u00edsica Escolar<\/td>\n<\/tr>\n<tr>\n<td width=\"100%\">26. Did\u00e1ctica de Pr\u00e1cticas del Lenguajes y la Literatura II<\/td>\n<\/tr>\n<tr>\n<td width=\"100%\">27.Did\u00e1ctica de las Ciencias Sociales II<\/td>\n<\/tr>\n<tr>\n<td width=\"100%\">28. Did\u00e1ctica de las Ciencias Naturales II<\/td>\n<\/tr>\n<tr>\n<td width=\"100%\">29. Did\u00e1ctica de la Matem\u00e1tica I y II<\/td>\n<\/tr>\n<tr>\n<td width=\"100%\"><strong>Campo de la Pr\u00e1ctica Docente<\/strong><\/td>\n<\/tr>\n<tr>\n<td width=\"100%\">Pr\u00e1ctica en terreno<\/td>\n<\/tr>\n<tr>\n<td width=\"100%\">Taller integrador interdisciplinario<\/td>\n<\/tr>\n<tr>\n<td width=\"100%\">Herramientas de la Pr\u00e1ctica: Investigaci\u00f3n en y para la acci\u00f3n docente<\/td>\n<\/tr>\n<tr>\n<td width=\"100%\"><strong>Cuarto a\u00f1o<\/strong><\/td>\n<\/tr>\n<tr>\n<td width=\"100%\">30. Reflexi\u00f3n filos\u00f3fica de la educaci\u00f3n<\/td>\n<\/tr>\n<tr>\n<td width=\"100%\">31. Dimensi\u00f3n \u00e9tico-pol\u00edtica de la praxis docente<\/td>\n<\/tr>\n<tr>\n<td width=\"100%\">32. Pedagog\u00eda cr\u00edtica de las diferencias<\/td>\n<\/tr>\n<tr>\n<td width=\"100%\">33. Ateneo de Pr\u00e1cticas del Lenguaje y de Literatura<\/td>\n<\/tr>\n<tr>\n<td width=\"100%\">34. \u00a0Ateneo de Matem\u00e1tica<\/td>\n<\/tr>\n<tr>\n<td width=\"100%\">35. Ateneo de Ciencias sociales<\/td>\n<\/tr>\n<tr>\n<td width=\"100%\">36. Ateneo de Ciencias Naturales<\/td>\n<\/tr>\n<tr>\n<td width=\"100%\"><strong>Campo de la Pr\u00e1ctica Docente<\/strong><\/td>\n<\/tr>\n<tr>\n<td width=\"100%\">Pr\u00e1ctica en terreno<\/td>\n<\/tr>\n<tr>\n<td width=\"100%\">Taller integrador interdisciplinario<\/td>\n<\/tr>\n<\/tbody>\n<\/table>\n<\/td>\n<\/tr>\n<\/tbody>\n<\/table>\n<p>&nbsp;<\/p>\n<p><em>\u00a0<\/em><\/td>\n<\/tr>\n<\/tbody>\n<\/table>\n<p>&nbsp;<\/p>\n","protected":false},"excerpt":{"rendered":"<p>Profesorado de Educaci\u00f3n Primaria\u00a0 T\u00edtulo a obtener: Profesor\/a de Educaci\u00f3n Primaria Turnos de cursada Turno tarde de 13:00 a 17:00 hs Turno Vespertino de 18:00 a 22:00 hs. La modalidad de cursada es presencial y para inscribirse los aspirantes deben cumplir como requisito indispensable\u00a0haber terminado el colegio secundario. Profesorado en Educaci\u00f3n Primaria El Dise\u00f1o Curricular &#8230; <a title=\"Profesorado de Educaci\u00f3n Primaria\" class=\"read-more\" href=\"https:\/\/isfd45-bue.infd.edu.ar\/sitio\/profesorado-en-educacion-primaria\/\" aria-label=\"More on Profesorado de Educaci\u00f3n Primaria\">[+]<\/a><\/p>\n","protected":false},"author":2879,"featured_media":0,"parent":0,"menu_order":0,"comment_status":"closed","ping_status":"closed","template":"","meta":[],"acf":[],"_links":{"self":[{"href":"https:\/\/isfd45-bue.infd.edu.ar\/sitio\/wp-json\/wp\/v2\/pages\/785"}],"collection":[{"href":"https:\/\/isfd45-bue.infd.edu.ar\/sitio\/wp-json\/wp\/v2\/pages"}],"about":[{"href":"https:\/\/isfd45-bue.infd.edu.ar\/sitio\/wp-json\/wp\/v2\/types\/page"}],"author":[{"embeddable":true,"href":"https:\/\/isfd45-bue.infd.edu.ar\/sitio\/wp-json\/wp\/v2\/users\/2879"}],"replies":[{"embeddable":true,"href":"https:\/\/isfd45-bue.infd.edu.ar\/sitio\/wp-json\/wp\/v2\/comments?post=785"}],"version-history":[{"count":4,"href":"https:\/\/isfd45-bue.infd.edu.ar\/sitio\/wp-json\/wp\/v2\/pages\/785\/revisions"}],"predecessor-version":[{"id":1072,"href":"https:\/\/isfd45-bue.infd.edu.ar\/sitio\/wp-json\/wp\/v2\/pages\/785\/revisions\/1072"}],"wp:attachment":[{"href":"https:\/\/isfd45-bue.infd.edu.ar\/sitio\/wp-json\/wp\/v2\/media?parent=785"}],"curies":[{"name":"wp","href":"https:\/\/api.w.org\/{rel}","templated":true}]}}