{"id":849,"date":"2018-07-02T18:30:55","date_gmt":"2018-07-02T21:30:55","guid":{"rendered":"https:\/\/isfd45-bue.infd.edu.ar\/sitio\/informacion\/"},"modified":"2025-05-13T17:33:28","modified_gmt":"2025-05-13T20:33:28","slug":"informacion-inicial","status":"publish","type":"page","link":"https:\/\/isfd45-bue.infd.edu.ar\/sitio\/informacion-inicial\/","title":{"rendered":"Informaci\u00f3n Nivel Inicial"},"content":{"rendered":"<p><span style=\"font-size: 12pt; color: #0000ff; font-family: arial, helvetica, sans-serif;\">&nbsp; &nbsp; &nbsp; Referente: Regente Emilce Geoghegan&nbsp; &nbsp; <\/span><\/p>\n<p><span style=\"font-size: 12pt; color: #0000ff; font-family: arial, helvetica, sans-serif;\">&nbsp; &nbsp; &nbsp; &nbsp; &nbsp; &nbsp; &nbsp; <img decoding=\"async\" loading=\"lazy\" class=\"\" src=\"https:\/\/web.catamarca.edu.ar\/sitio\/images\/institucional\/nivel_inicial.jpg\" width=\"476\" height=\"246\"><\/span><\/p>\n<p><span style=\"font-size: 12pt; color: #000000; font-family: arial, helvetica, sans-serif;\"><span style=\"text-decoration: underline;\">T\u00edtulo a obtener:<\/span> Profesor\/a de Educaci\u00f3n Inicial y Maternal<\/span><\/p>\n<p><span style=\"font-size: 12pt; color: #000000; text-decoration: underline; font-family: arial, helvetica, sans-serif;\">Turnos de cursada<\/span><\/p>\n<p>Turno Ma\u00f1ana de 8:00 a 12 :00 hs<\/p>\n<p><span style=\"font-size: 12pt; color: #000000; text-decoration: underline; font-family: arial, helvetica, sans-serif;\">Turno tarde de 13:00 a 17:00 hs<\/span><\/p>\n<p><span style=\"font-size: 12pt; color: #000000; text-decoration: underline; font-family: arial, helvetica, sans-serif;\">Turno Vespertino de 18:00 a 22:00 hs.<\/span><\/p>\n<p><span style=\"font-size: 12pt; color: #000000; text-decoration: underline; font-family: arial, helvetica, sans-serif;\">Dise\u00f1o Curricular<\/span><\/p>\n<p style=\"text-align: justify;\"><span style=\"font-family: arial, helvetica, sans-serif; font-size: 12pt;\">El Dise\u00f1o Curricular de la Formaci\u00f3n Docente de Nivel Inicial y Nivel Primario ha sido construido sobre la base de un proceso participativo desarrollado durante el per\u00edodo 2006 &#8211; 2007. Ese proceso se inici\u00f3 con la voluntad pol\u00edtica de la Direcci\u00f3n General de Cultura y Educaci\u00f3n de la Provincia de Buenos Aires, m\u00e1s el impulso concreto dado por la Direcci\u00f3n de Educaci\u00f3n Superior (DES).<\/span><\/p>\n<p style=\"text-align: justify;\"><span style=\"font-family: arial, helvetica, sans-serif; font-size: 12pt;\">Los fundamentos en que se asienta este Dise\u00f1o Curricular se constituyen a partir de la intersecci\u00f3n de dos campos pedag\u00f3gicos te\u00f3rico &#8211; pr\u00e1cticos: el que corresponde al propio curr\u00edculum y el del objeto de transformaci\u00f3n del nivel, la formaci\u00f3n de docentes.Ambos t\u00e9rminos cobran identidad en dicha articulaci\u00f3n en tanto el curr\u00edculum se convierte en propuesta formativa de docentes y la formaci\u00f3n de docentes se enra\u00edza, encauza y desenvuelve en aquel. Ambos est\u00e1n din\u00e1micamente articulados y desbordan sus propias fronteras, por tratarse de manifestaciones y pr\u00e1cticas del campo sociocultural.<\/span><\/p>\n<p style=\"text-align: justify;\"><span style=\"font-family: arial, helvetica, sans-serif; font-size: 12pt;\">&nbsp;<strong>La organizaci\u00f3n curricular general<\/strong><\/span><\/p>\n<p style=\"text-align: justify;\"><span style=\"font-family: arial, helvetica, sans-serif; font-size: 12pt;\">En este paradigma articulador, el curr\u00edculum se organiza sobre la base de distintos campos que no aluden a espacios con fronteras delimitadas o cerradas en s\u00ed mismas. Los campos curriculares son pensados como estructuras que se entrelazan y complementan entre s\u00ed.<\/span><\/p>\n<p style=\"text-align: justify;\"><span style=\"font-family: arial, helvetica, sans-serif; font-size: 12pt;\"><strong>El Campo de Actualizaci\u00f3n Formativa<\/strong>&nbsp;debe hacer especial hincapi\u00e9 en la necesidad de fortalecer la identidad y la especificidad de la Formaci\u00f3n Docente como pr\u00e1ctica de educaci\u00f3n superior. Sin duda, este proceso de reconocimiento de quienes eligen la Formaci\u00f3n Docente es decisivo a la hora de desarrollar las propuestas y los procesos<\/span><\/p>\n<p style=\"text-align: justify;\"><span style=\"font-family: arial, helvetica, sans-serif; font-size: 12pt;\">formativos, pero sin vaciar de identidad y especificidad a la educaci\u00f3n superior.<\/span><\/p>\n<p style=\"text-align: justify;\"><span style=\"font-family: arial, helvetica, sans-serif; font-size: 12pt;\">Las materias de este Campo resultan de los diagn\u00f3sticos elaborados por los Institutos Superiores; por ello es funci\u00f3n del mismo dar respuesta a los saberes que requiere el ingresante para ser art\u00edfice de su propio proceso de formaci\u00f3n.<\/span><\/p>\n<p style=\"text-align: justify;\"><span style=\"font-family: arial, helvetica, sans-serif; font-size: 12pt;\">Por ello, el Campo de Actualizaci\u00f3n Formativa es el que enfrenta estas tensiones a trav\u00e9s de dos clases de materias:<\/span><\/p>\n<p style=\"text-align: justify;\"><span style=\"font-family: arial, helvetica, sans-serif; font-size: 12pt;\">\u2022 las que tienen por objeto contenidos definidos en el dise\u00f1o, como Lectura, oralidad y escritura y Pensamiento l\u00f3gico matem\u00e1tico;<\/span><\/p>\n<p style=\"text-align: justify;\"><span style=\"font-family: arial, helvetica, sans-serif; font-size: 12pt;\">\u2022 la que ser\u00e1 definida, en un Taller de definici\u00f3n institucional, por cada instituci\u00f3n, de acuerdo con el reconocimiento por parte del colectivo institucional sobre las caracter\u00edsticas del ingresante.<\/span><\/p>\n<p style=\"text-align: justify;\"><span style=\"font-family: arial, helvetica, sans-serif; font-size: 12pt;\"><strong>El campo de fundamentaci\u00f3n&nbsp;<\/strong>tiene como prop\u00f3sito y finalidad establecer las bases y los marcos referenciales que permitan a los docentes en formaci\u00f3n conocer el conjunto de teor\u00edas que posibilitan un posicionamiento como ense\u00f1ante, pedagogo y trabajador de la cultura en el contexto de la sociedad argentina y latinoamericana.<\/span><\/p>\n<p style=\"text-align: justify;\"><span style=\"font-family: arial, helvetica, sans-serif; font-size: 12pt;\">El Sistema Educativo Provincial debe garantizar la formaci\u00f3n de docentes convencidos del potencial liberador y transformador de las situaciones de injusticia que toda pedagog\u00eda cr\u00edtica conlleva.<\/span><\/p>\n<p style=\"text-align: justify;\"><span style=\"font-family: arial, helvetica, sans-serif; font-size: 12pt;\">La inclusi\u00f3n de Filosof\u00eda, Pedagog\u00eda y Did\u00e1ctica General tiene por objeto brindarles a los estudiantes herramientas conceptuales acerca de las tradiciones y los debates actuales (especialmente los producidos en Am\u00e9rica Latina) referidos a la educaci\u00f3n y a la ense\u00f1anza a trav\u00e9s de una actitud cr\u00edtica orientada a su interpretaci\u00f3n, problematizaci\u00f3n y transformaci\u00f3n.<\/span><\/p>\n<p style=\"text-align: justify;\"><span style=\"font-family: arial, helvetica, sans-serif; font-size: 12pt;\">La articulaci\u00f3n interna de este conjunto de materias, as\u00ed como las relaciones que se establecer\u00e1n con<\/span><\/p>\n<p style=\"text-align: justify;\"><span style=\"font-family: arial, helvetica, sans-serif; font-size: 12pt;\">las de los otros campos, posibilitar\u00e1 un posicionamiento docente que ponga en acto el siguiente tri\u00e1ngulo:<\/span><\/p>\n<p style=\"text-align: justify;\"><span style=\"font-family: arial, helvetica, sans-serif; font-size: 12pt;\">problematizar, construir conocimiento y organizarse para un trabajo en colaboraci\u00f3n.<\/span><\/p>\n<p style=\"text-align: justify;\"><span style=\"font-family: arial, helvetica, sans-serif; font-size: 12pt;\">&nbsp;<span style=\"color: #0000ff; text-decoration: underline;\"><strong>Plan de estudios<\/strong><\/span><\/span><\/p>\n<table style=\"width: 83%;\" border=\"1\" cellspacing=\"0\" cellpadding=\"0\" align=\"left\">\n<tbody>\n<tr>\n<td width=\"100%\"><span style=\"font-family: arial, helvetica, sans-serif; font-size: 12pt;\">&nbsp;<\/span><\/td>\n<\/tr>\n<tr>\n<td width=\"100%\"><span style=\"font-family: arial, helvetica, sans-serif; font-size: 12pt;\"><strong>Primer a\u00f1o<\/strong><\/span><\/td>\n<\/tr>\n<tr>\n<td width=\"100%\"><span style=\"font-family: arial, helvetica, sans-serif; font-size: 12pt;\">&nbsp;1.Taller de lectura, escritura y oralidad<\/span><\/td>\n<\/tr>\n<tr>\n<td width=\"100%\"><span style=\"font-family: arial, helvetica, sans-serif; font-size: 12pt;\">&nbsp;2.Taller de pensamiento l\u00f3gico matem\u00e1tico<\/span><\/td>\n<\/tr>\n<tr>\n<td width=\"100%\"><span style=\"font-family: arial, helvetica, sans-serif; font-size: 12pt;\">&nbsp;3.Taller de definici\u00f3n institucional<\/span><\/td>\n<\/tr>\n<tr>\n<td width=\"100%\"><span style=\"font-family: arial, helvetica, sans-serif; font-size: 12pt;\">&nbsp;4.Filosof\u00eda<\/span><\/td>\n<\/tr>\n<tr>\n<td width=\"100%\"><span style=\"font-family: arial, helvetica, sans-serif; font-size: 12pt;\">&nbsp;5.Did\u00e1ctica General<strong>&nbsp;<\/strong><\/span><\/td>\n<\/tr>\n<tr>\n<td width=\"100%\"><span style=\"font-family: arial, helvetica, sans-serif; font-size: 12pt;\">&nbsp;6.Pedagog\u00eda<\/span><\/td>\n<\/tr>\n<tr>\n<td width=\"100%\"><span style=\"font-family: arial, helvetica, sans-serif; font-size: 12pt;\">&nbsp;7.An\u00e1lisis del mundo contempor\u00e1neo<\/span><\/td>\n<\/tr>\n<tr>\n<td width=\"100%\"><span style=\"font-family: arial, helvetica, sans-serif; font-size: 12pt;\">&nbsp;8. Psicolog\u00eda del desarrollo y del aprendizaje I<\/span><\/td>\n<\/tr>\n<tr>\n<td width=\"100%\"><span style=\"font-family: arial, helvetica, sans-serif; font-size: 12pt;\">&nbsp;9. Educaci\u00f3n temprana<\/span><\/td>\n<\/tr>\n<tr>\n<td width=\"100%\"><span style=\"font-family: arial, helvetica, sans-serif; font-size: 12pt;\">10.&nbsp;Corporeidad y Motricidad<\/span><\/td>\n<\/tr>\n<tr>\n<td width=\"100%\"><span style=\"font-family: arial, helvetica, sans-serif; font-size: 12pt;\"><strong>Campo de la Pr\u00e1ctica Docente<\/strong><\/span><\/td>\n<\/tr>\n<tr>\n<td width=\"100%\"><span style=\"font-family: arial, helvetica, sans-serif; font-size: 12pt;\">Pr\u00e1ctica en terreno<\/span><\/td>\n<\/tr>\n<tr>\n<td width=\"100%\"><span style=\"font-family: arial, helvetica, sans-serif; font-size: 12pt;\">Taller integrador interdisciplinario<\/span><\/td>\n<\/tr>\n<tr>\n<td width=\"100%\"><span style=\"font-family: arial, helvetica, sans-serif; font-size: 12pt;\">Herramientas de la Pr\u00e1ctica: Taller de Educaci\u00f3n social y estrategias de educaci\u00f3n popular<\/span><\/td>\n<\/tr>\n<tr>\n<td width=\"100%\"><span style=\"font-family: arial, helvetica, sans-serif; font-size: 12pt;\"><strong>Segundo a\u00f1o<\/strong><\/span><\/td>\n<\/tr>\n<tr>\n<td width=\"100%\"><span style=\"font-family: arial, helvetica, sans-serif; font-size: 12pt;\">11. Teor\u00edas sociopol\u00edticas y educaci\u00f3n<\/span><\/td>\n<\/tr>\n<tr>\n<td width=\"100%\"><span style=\"font-family: arial, helvetica, sans-serif; font-size: 12pt;\">12. Did\u00e1ctica y Curr\u00edculum de Nivel Inicial<\/span><\/td>\n<\/tr>\n<tr>\n<td width=\"100%\"><span style=\"font-family: arial, helvetica, sans-serif; font-size: 12pt;\">13. Psicolog\u00eda del desarrollo y del aprendizaje II<\/span><\/td>\n<\/tr>\n<tr>\n<td width=\"100%\"><span style=\"font-family: arial, helvetica, sans-serif; font-size: 12pt;\">14. Psicolog\u00eda social e institucional<\/span><\/td>\n<\/tr>\n<tr>\n<td width=\"100%\"><span style=\"font-family: arial, helvetica, sans-serif; font-size: 12pt;\">15. Cultura, comunicaci\u00f3n y educaci\u00f3n<\/span><\/td>\n<\/tr>\n<tr>\n<td width=\"100%\"><span style=\"font-family: arial, helvetica, sans-serif; font-size: 12pt;\">16. Educaci\u00f3n pl\u00e1stica<\/span><\/td>\n<\/tr>\n<tr>\n<td width=\"100%\"><span style=\"font-family: arial, helvetica, sans-serif; font-size: 12pt;\">17. Did\u00e1ctica de las Pr\u00e1cticas del Lenguaje y la Literatura<\/span><\/td>\n<\/tr>\n<tr>\n<td width=\"100%\"><span style=\"font-family: arial, helvetica, sans-serif; font-size: 12pt;\">18. Did\u00e1ctica de las Ciencias Sociales<\/span><\/td>\n<\/tr>\n<tr>\n<td width=\"100%\"><span style=\"font-family: arial, helvetica, sans-serif; font-size: 12pt;\">19. Did\u00e1ctica de las Ciencias Naturales<\/span><\/td>\n<\/tr>\n<tr>\n<td width=\"100%\"><span style=\"font-family: arial, helvetica, sans-serif; font-size: 12pt;\">20. Did\u00e1ctica de la Matem\u00e1tica<\/span><\/td>\n<\/tr>\n<tr>\n<td width=\"100%\"><span style=\"font-family: arial, helvetica, sans-serif; font-size: 12pt;\"><strong>Campo de la Pr\u00e1ctica Docente<\/strong><\/span><\/td>\n<\/tr>\n<tr>\n<td width=\"100%\"><span style=\"font-family: arial, helvetica, sans-serif; font-size: 12pt;\">Pr\u00e1ctica en terreno<\/span><\/td>\n<\/tr>\n<tr>\n<td width=\"100%\"><span style=\"font-family: arial, helvetica, sans-serif; font-size: 12pt;\">Taller integrador interdisciplinario<\/span><\/td>\n<\/tr>\n<tr>\n<td width=\"100%\"><span style=\"font-family: arial, helvetica, sans-serif; font-size: 12pt;\">Herramientas de la Pr\u00e1ctica: Aproximaci\u00f3n y an\u00e1lisis cualitativo institucional<\/span><\/td>\n<\/tr>\n<tr>\n<td width=\"100%\"><span style=\"font-family: arial, helvetica, sans-serif; font-size: 12pt;\"><strong>Tercer a\u00f1o<\/strong><\/span><\/td>\n<\/tr>\n<tr>\n<td width=\"100%\"><span style=\"font-family: arial, helvetica, sans-serif; font-size: 12pt;\">21. Historia y prospectiva de la educaci\u00f3n<\/span><\/td>\n<\/tr>\n<tr>\n<td width=\"100%\"><span style=\"font-family: arial, helvetica, sans-serif; font-size: 12pt;\">22. Pol\u00edticas, legislaci\u00f3n y administraci\u00f3n del trabajo escolar<\/span><\/td>\n<\/tr>\n<tr>\n<td width=\"100%\"><span style=\"font-family: arial, helvetica, sans-serif; font-size: 12pt;\">23. Juego y desarrollo infantil<\/span><\/td>\n<\/tr>\n<tr>\n<td width=\"100%\"><span style=\"font-family: arial, helvetica, sans-serif; font-size: 12pt;\">24. Medios audiovisuales, TIC\u00b4s y educaci\u00f3n<\/span><\/td>\n<\/tr>\n<tr>\n<td width=\"100%\"><span style=\"font-family: arial, helvetica, sans-serif; font-size: 12pt;\">25. Educaci\u00f3n Musical<\/span><\/td>\n<\/tr>\n<tr>\n<td width=\"100%\"><span style=\"font-family: arial, helvetica, sans-serif; font-size: 12pt;\">26. Educaci\u00f3n F\u00edsica escolar<\/span><\/td>\n<\/tr>\n<tr>\n<td width=\"100%\"><span style=\"font-family: arial, helvetica, sans-serif; font-size: 12pt;\">27. Taller de Literatura infantil<\/span><\/td>\n<\/tr>\n<tr>\n<td width=\"100%\"><span style=\"font-family: arial, helvetica, sans-serif; font-size: 12pt;\">28. Taller de Ciencias Sociales<\/span><\/td>\n<\/tr>\n<tr>\n<td width=\"100%\"><span style=\"font-family: arial, helvetica, sans-serif; font-size: 12pt;\">29. Taller de Ciencias Naturales<\/span><\/td>\n<\/tr>\n<tr>\n<td width=\"100%\"><span style=\"font-family: arial, helvetica, sans-serif; font-size: 12pt;\">30. Taller de Matem\u00e1tica<\/span><\/td>\n<\/tr>\n<tr>\n<td width=\"100%\"><span style=\"font-family: arial, helvetica, sans-serif; font-size: 12pt;\">31. Producci\u00f3n de materiales y objetos l\u00fadicos<\/span><\/td>\n<\/tr>\n<tr>\n<td width=\"100%\"><span style=\"font-family: arial, helvetica, sans-serif; font-size: 12pt;\"><strong>Campo de la Pr\u00e1ctica Docente<\/strong><\/span><\/td>\n<\/tr>\n<tr>\n<td width=\"100%\"><span style=\"font-family: arial, helvetica, sans-serif; font-size: 12pt;\">Pr\u00e1ctica en terreno<\/span><\/td>\n<\/tr>\n<tr>\n<td width=\"100%\"><span style=\"font-family: arial, helvetica, sans-serif; font-size: 12pt;\">Taller integrador interdisciplinario<\/span><\/td>\n<\/tr>\n<tr>\n<td width=\"100%\"><span style=\"font-family: arial, helvetica, sans-serif; font-size: 12pt;\">Herramientas de la Pr\u00e1ctica: Investigaci\u00f3n en y para la acci\u00f3n docente<\/span><\/td>\n<\/tr>\n<tr>\n<td width=\"100%\"><span style=\"font-family: arial, helvetica, sans-serif; font-size: 12pt;\"><strong>Cuarto a\u00f1o<\/strong><\/span><\/td>\n<\/tr>\n<tr>\n<td width=\"100%\"><span style=\"font-family: arial, helvetica, sans-serif; font-size: 12pt;\">32. Reflexi\u00f3n filos\u00f3fica de la educaci\u00f3n<\/span><\/td>\n<\/tr>\n<tr>\n<td width=\"100%\"><span style=\"font-family: arial, helvetica, sans-serif; font-size: 12pt;\">33. Dimensi\u00f3n \u00e9tico-pol\u00edtica de la praxis docente<\/span><\/td>\n<\/tr>\n<tr>\n<td width=\"100%\"><span style=\"font-family: arial, helvetica, sans-serif; font-size: 12pt;\">34. Educaci\u00f3n en y para la Salud<\/span><\/td>\n<\/tr>\n<tr>\n<td width=\"100%\"><span style=\"font-family: arial, helvetica, sans-serif; font-size: 12pt;\">35. Ateneo de Pr\u00e1cticas del Lenguaje y de Literatura<\/span><\/td>\n<\/tr>\n<tr>\n<td width=\"100%\"><span style=\"font-family: arial, helvetica, sans-serif; font-size: 12pt;\">36. &nbsp;Ateneo de Matem\u00e1tica<\/span><\/td>\n<\/tr>\n<tr>\n<td width=\"100%\"><span style=\"font-family: arial, helvetica, sans-serif; font-size: 12pt;\">37. Ateneo de Naturaleza y Sociedad<\/span><\/td>\n<\/tr>\n<tr>\n<td width=\"100%\"><span style=\"font-family: arial, helvetica, sans-serif; font-size: 12pt;\">38. Ateneo de nuevas expresiones est\u00e9ticas<\/span><\/td>\n<\/tr>\n<tr>\n<td width=\"100%\"><span style=\"font-family: arial, helvetica, sans-serif; font-size: 12pt;\"><strong>Campo de la Pr\u00e1ctica Docente<\/strong><\/span><\/td>\n<\/tr>\n<tr>\n<td width=\"100%\"><span style=\"font-family: arial, helvetica, sans-serif; font-size: 12pt;\">Pr\u00e1ctica en terreno<\/span><\/td>\n<\/tr>\n<tr>\n<td width=\"100%\"><span style=\"font-family: arial, helvetica, sans-serif; font-size: 12pt;\">Taller integrador interdisciplinario<\/span><\/td>\n<\/tr>\n<\/tbody>\n<\/table>\n\n\n<figure class=\"wp-block-embed aligncenter is-type-video is-provider-youtube wp-block-embed-youtube wp-embed-aspect-16-9 wp-has-aspect-ratio\"><div class=\"wp-block-embed__wrapper\">\n<iframe loading=\"lazy\" title=\"Nuevo R\u00e9gimen Acad\u00e9mico Marco para el nivel superior\" width=\"1200\" height=\"675\" src=\"https:\/\/www.youtube.com\/embed\/PGNq9qlvPig?feature=oembed\" frameborder=\"0\" allow=\"accelerometer; autoplay; clipboard-write; encrypted-media; gyroscope; picture-in-picture; web-share\" referrerpolicy=\"strict-origin-when-cross-origin\" allowfullscreen><\/iframe>\n<\/div><figcaption class=\"wp-element-caption\">El R\u00e9gimen Acad\u00e9mico Marco es una normativa que regula, acompa\u00f1a y sostiene la trayectoria formativa de las y los estudiantes. El RAM es de aplicaci\u00f3n en toda la Educaci\u00f3n Superior dependiente de la DGCyE de la Provincia de Buenos Aires tanto en gesti\u00f3n estatal como privada. Esta normativa regula, por ejemplo: formas de ingreso, condiciones de regularidad, las modalidades de cursada posibles, entre otros.<\/figcaption><\/figure>\n\n\n\n<div class=\"alignnormal\"><div id=\"metaslider-id-3138\" style=\"width: 100%;\" class=\"ml-slider-3-33-0 metaslider metaslider-nivo metaslider-3138 ml-slider ms-theme-default\" role=\"region\" aria-roledescription=\"Slideshow\" aria-label=\"Slideshow\">\n    <div id=\"metaslider_container_3138\">\n        <div class='slider-wrapper theme-default'><div class='ribbon'><\/div><div id='metaslider_3138' class='nivoSlider'><img src=\"https:\/\/isfd45-bue.infd.edu.ar\/sitio\/wp-content\/uploads\/2025\/05\/ram1-1111x600.jpg\" height=\"600\" width=\"1111\" title=\"ram1\" alt=\"\" class=\"slider-3138 slide-3139\" \/><img src=\"https:\/\/isfd45-bue.infd.edu.ar\/sitio\/wp-content\/uploads\/2025\/05\/ram2-1111x600.jpg\" height=\"600\" width=\"1111\" title=\"ram2\" alt=\"\" class=\"slider-3138 slide-3140\" \/><img src=\"https:\/\/isfd45-bue.infd.edu.ar\/sitio\/wp-content\/uploads\/2025\/05\/ram3-1111x600.jpg\" height=\"600\" width=\"1111\" title=\"ram3\" alt=\"\" class=\"slider-3138 slide-3141\" \/><img src=\"https:\/\/isfd45-bue.infd.edu.ar\/sitio\/wp-content\/uploads\/2025\/05\/ram4-1111x600.jpg\" height=\"600\" width=\"1111\" title=\"ram4\" alt=\"\" class=\"slider-3138 slide-3142\" \/><img src=\"https:\/\/isfd45-bue.infd.edu.ar\/sitio\/wp-content\/uploads\/2025\/05\/ram5-1111x600.jpg\" height=\"600\" width=\"1111\" title=\"ram5\" alt=\"\" class=\"slider-3138 slide-3143\" \/><img src=\"https:\/\/isfd45-bue.infd.edu.ar\/sitio\/wp-content\/uploads\/2025\/05\/ram6-1111x600.jpg\" height=\"600\" width=\"1111\" title=\"ram6\" alt=\"\" class=\"slider-3138 slide-3144\" \/><img src=\"https:\/\/isfd45-bue.infd.edu.ar\/sitio\/wp-content\/uploads\/2025\/05\/ram7-1111x600.jpg\" height=\"600\" width=\"1111\" title=\"ram7\" alt=\"\" class=\"slider-3138 slide-3145\" \/><img src=\"https:\/\/isfd45-bue.infd.edu.ar\/sitio\/wp-content\/uploads\/2025\/05\/ram8-1111x600.jpg\" height=\"600\" width=\"1111\" title=\"ram8\" alt=\"\" class=\"slider-3138 slide-3146\" \/><img src=\"https:\/\/isfd45-bue.infd.edu.ar\/sitio\/wp-content\/uploads\/2025\/05\/ram9-1111x600.jpg\" height=\"600\" width=\"1111\" title=\"ram9\" alt=\"\" class=\"slider-3138 slide-3147\" \/><img src=\"https:\/\/isfd45-bue.infd.edu.ar\/sitio\/wp-content\/uploads\/2025\/05\/ram10-1111x600.jpg\" height=\"600\" width=\"1111\" title=\"ram10\" alt=\"\" class=\"slider-3138 slide-3148\" \/><img src=\"https:\/\/isfd45-bue.infd.edu.ar\/sitio\/wp-content\/uploads\/2025\/05\/ram11-1111x600.jpg\" height=\"600\" width=\"1111\" title=\"ram11\" alt=\"\" class=\"slider-3138 slide-3149\" \/><img src=\"https:\/\/isfd45-bue.infd.edu.ar\/sitio\/wp-content\/uploads\/2025\/05\/ram12-1111x600.jpg\" height=\"600\" width=\"1111\" title=\"ram12\" alt=\"\" class=\"slider-3138 slide-3150\" \/><\/div><\/div>\n        \n    <\/div>\n<\/div><\/div>\n\n\n","protected":false},"excerpt":{"rendered":"<p>&nbsp; &nbsp; &nbsp; Referente: Regente Emilce Geoghegan&nbsp; &nbsp; &nbsp; &nbsp; &nbsp; &nbsp; &nbsp; &nbsp; &nbsp; T\u00edtulo a obtener: Profesor\/a de Educaci\u00f3n Inicial y Maternal Turnos de cursada Turno Ma\u00f1ana de 8:00 a 12 :00 hs Turno tarde de 13:00 a 17:00 hs Turno Vespertino de 18:00 a 22:00 hs. Dise\u00f1o Curricular El Dise\u00f1o Curricular de &#8230; <a title=\"Informaci\u00f3n Nivel Inicial\" class=\"read-more\" href=\"https:\/\/isfd45-bue.infd.edu.ar\/sitio\/informacion-inicial\/\" aria-label=\"More on Informaci\u00f3n Nivel Inicial\">[+]<\/a><\/p>\n","protected":false},"author":2879,"featured_media":0,"parent":0,"menu_order":0,"comment_status":"closed","ping_status":"closed","template":"","meta":[],"acf":[],"_links":{"self":[{"href":"https:\/\/isfd45-bue.infd.edu.ar\/sitio\/wp-json\/wp\/v2\/pages\/849"}],"collection":[{"href":"https:\/\/isfd45-bue.infd.edu.ar\/sitio\/wp-json\/wp\/v2\/pages"}],"about":[{"href":"https:\/\/isfd45-bue.infd.edu.ar\/sitio\/wp-json\/wp\/v2\/types\/page"}],"author":[{"embeddable":true,"href":"https:\/\/isfd45-bue.infd.edu.ar\/sitio\/wp-json\/wp\/v2\/users\/2879"}],"replies":[{"embeddable":true,"href":"https:\/\/isfd45-bue.infd.edu.ar\/sitio\/wp-json\/wp\/v2\/comments?post=849"}],"version-history":[{"count":7,"href":"https:\/\/isfd45-bue.infd.edu.ar\/sitio\/wp-json\/wp\/v2\/pages\/849\/revisions"}],"predecessor-version":[{"id":3152,"href":"https:\/\/isfd45-bue.infd.edu.ar\/sitio\/wp-json\/wp\/v2\/pages\/849\/revisions\/3152"}],"wp:attachment":[{"href":"https:\/\/isfd45-bue.infd.edu.ar\/sitio\/wp-json\/wp\/v2\/media?parent=849"}],"curies":[{"name":"wp","href":"https:\/\/api.w.org\/{rel}","templated":true}]}}